{"id":786,"date":"2021-10-31T09:12:48","date_gmt":"2021-10-31T08:12:48","guid":{"rendered":"http:\/\/pensiericroccanti.it\/?page_id=786"},"modified":"2022-02-18T15:23:54","modified_gmt":"2022-02-18T14:23:54","slug":"ricette","status":"publish","type":"page","link":"https:\/\/www.pensiericroccanti.it\/index.php\/ricette\/","title":{"rendered":"Ricette"},"content":{"rendered":"\n<p class=\"has-text-align-justify\">In questa sezione troverai tutte le ricette di Pensieri Croccanti suddivise per tipologia di portata , fai click sulle immagini seguenti oppure agisci sul men\u00f9 in alto per accedere alla varie sezioni.<\/p>\n\n\n\n<p class=\"has-text-align-justify\">Ogni ricetta parte dagli ingredienti, dal mio stato d&#8217; animo, dai profumi e dai colori. Cerco di esprimere il pensiero che ciascun elemento mi stimola e applico in ogni piatto un ragionamento fatto di passi da seguire, di accostamenti, di scontri, di compromessi. Cucinare \u00e8 una meravigliosa metafora della vita, e cos\u00ec bilanciare l&#8217; acidit\u00e0 di un piatto significa trovare il giusto bilanciamento tra ingredienti, dosi e soprattutto significa conoscere, sperimentare e &#8230;. provare , provare &#8230;. provare. <\/p>\n\n\n\n<hr class=\"wp-block-separator\"\/>\n\n\n\n<div class=\"wp-block-cover alignfull\" style=\"min-height:404px;aspect-ratio:unset;\"><span aria-hidden=\"true\" class=\"wp-block-cover__background has-background-dim-60 has-background-dim\" style=\"background-color:#171717\"><\/span><img decoding=\"async\" class=\"wp-block-cover__image-background wp-image-5114\" alt=\"zuppetta di cioccolato\" src=\"data:image\/gif;base64,R0lGODlhAQABAAAAACH5BAEKAAEALAAAAAABAAEAAAICTAEAOw==\" data-layzr=\"https:\/\/www.pensiericroccanti.it\/wp-content\/uploads\/2022\/02\/zuppetta-di-cioccolato-piccante.jpeg\" style=\"object-position:50% 53%\" data-object-fit=\"cover\" data-object-position=\"50% 53%\" title=\"\"><div class=\"wp-block-cover__inner-container is-layout-flow wp-block-cover-is-layout-flow\">\n<p class=\"has-text-align-center has-large-font-size\">Colazione<\/p>\n\n\n\n<div class=\"wp-block-buttons is-content-justification-center is-layout-flex wp-container-core-buttons-is-layout-16018d1d wp-block-buttons-is-layout-flex\">\n<div class=\"wp-block-button is-style-outline is-style-outline--1\"><a class=\"wp-block-button__link\" href=\"https:\/\/www.pensiericroccanti.it\/index.php\/category\/colazione\/\" style=\"border-radius:0px\">guarda le ricette<\/a><\/div>\n<\/div>\n<\/div><\/div>\n\n\n\n<div style=\"height:20px\" aria-hidden=\"true\" class=\"wp-block-spacer\"><\/div>\n\n\n\n<div class=\"wp-block-cover alignfull\" style=\"min-height:404px;aspect-ratio:unset;\"><span aria-hidden=\"true\" class=\"wp-block-cover__background has-background-dim-60 has-background-dim\" style=\"background-color:#171717\"><\/span><img decoding=\"async\" class=\"wp-block-cover__image-background wp-image-1327\" alt=\"antipasti\" src=\"data:image\/gif;base64,R0lGODlhAQABAAAAACH5BAEKAAEALAAAAAABAAEAAAICTAEAOw==\" data-layzr=\"https:\/\/www.pensiericroccanti.it\/wp-content\/uploads\/2021\/11\/antipasti-2.jpg\" style=\"object-position:50% 52%\" data-object-fit=\"cover\" data-object-position=\"50% 52%\" title=\"\"><div class=\"wp-block-cover__inner-container is-layout-flow wp-block-cover-is-layout-flow\">\n<p class=\"has-text-align-center has-large-font-size\">Antipasti<\/p>\n\n\n\n<div class=\"wp-block-buttons is-content-justification-center is-layout-flex wp-container-core-buttons-is-layout-16018d1d wp-block-buttons-is-layout-flex\">\n<div class=\"wp-block-button is-style-outline is-style-outline--2\"><a class=\"wp-block-button__link\" href=\"https:\/\/www.pensiericroccanti.it\/index.php\/category\/antipasti\/\" style=\"border-radius:0px\">guarda le ricette<\/a><\/div>\n<\/div>\n<\/div><\/div>\n\n\n\n<div style=\"height:20px\" aria-hidden=\"true\" class=\"wp-block-spacer\"><\/div>\n\n\n\n<div class=\"wp-block-cover alignfull\" style=\"min-height:404px;aspect-ratio:unset;\"><span aria-hidden=\"true\" class=\"wp-block-cover__background has-background-dim-60 has-background-dim\" style=\"background-color:#171717\"><\/span><img decoding=\"async\" class=\"wp-block-cover__image-background wp-image-529\" alt=\"\" src=\"data:image\/gif;base64,R0lGODlhAQABAAAAACH5BAEKAAEALAAAAAABAAEAAAICTAEAOw==\" data-layzr=\"https:\/\/www.pensiericroccanti.it\/wp-content\/uploads\/2020\/01\/risotto-blu-scaled.jpg\" style=\"object-position:50% 53%\" data-object-fit=\"cover\" data-object-position=\"50% 53%\" title=\"\"><div class=\"wp-block-cover__inner-container is-layout-flow wp-block-cover-is-layout-flow\">\n<p class=\"has-text-align-center has-large-font-size\">Primi Piatti<\/p>\n\n\n\n<div class=\"wp-block-buttons is-content-justification-center is-layout-flex wp-container-core-buttons-is-layout-16018d1d wp-block-buttons-is-layout-flex\">\n<div class=\"wp-block-button is-style-outline is-style-outline--3\"><a class=\"wp-block-button__link\" href=\"https:\/\/www.pensiericroccanti.it\/index.php\/category\/primi-piatti\/\" style=\"border-radius:0px\">guarda le ricette<\/a><\/div>\n<\/div>\n<\/div><\/div>\n\n\n\n<div style=\"height:20px\" aria-hidden=\"true\" class=\"wp-block-spacer\"><\/div>\n\n\n\n<div class=\"wp-block-cover alignfull\" style=\"min-height:404px;aspect-ratio:unset;\"><span aria-hidden=\"true\" class=\"wp-block-cover__background has-background-dim-60 has-background-dim\" style=\"background-color:#171717\"><\/span><img decoding=\"async\" class=\"wp-block-cover__image-background wp-image-2949\" alt=\"capesante al rum\" src=\"data:image\/gif;base64,R0lGODlhAQABAAAAACH5BAEKAAEALAAAAAABAAEAAAICTAEAOw==\" data-layzr=\"https:\/\/www.pensiericroccanti.it\/wp-content\/uploads\/2021\/12\/capesante-1.jpeg\" style=\"object-position:50% 53%\" data-object-fit=\"cover\" data-object-position=\"50% 53%\" title=\"\"><div class=\"wp-block-cover__inner-container is-layout-flow wp-block-cover-is-layout-flow\">\n<p class=\"has-text-align-center has-large-font-size\">Secondi Piatti<\/p>\n\n\n\n<div class=\"wp-block-buttons is-content-justification-center is-layout-flex wp-container-core-buttons-is-layout-16018d1d wp-block-buttons-is-layout-flex\">\n<div class=\"wp-block-button is-style-outline is-style-outline--4\"><a class=\"wp-block-button__link\" href=\"https:\/\/www.pensiericroccanti.it\/index.php\/category\/secondi-piatti\/\" style=\"border-radius:0px\">guarda le ricette<\/a><\/div>\n<\/div>\n<\/div><\/div>\n\n\n\n<div style=\"height:20px\" aria-hidden=\"true\" class=\"wp-block-spacer\"><\/div>\n\n\n\n<div class=\"wp-block-cover alignfull\" style=\"min-height:404px;aspect-ratio:unset;\"><span aria-hidden=\"true\" class=\"wp-block-cover__background has-background-dim-60 has-background-dim\" style=\"background-color:#171717\"><\/span><img decoding=\"async\" class=\"wp-block-cover__image-background wp-image-902\" alt=\"ricette\" src=\"data:image\/gif;base64,R0lGODlhAQABAAAAACH5BAEKAAEALAAAAAABAAEAAAICTAEAOw==\" data-layzr=\"https:\/\/www.pensiericroccanti.it\/wp-content\/uploads\/2021\/11\/contorni.jpg\" style=\"object-position:50% 53%\" data-object-fit=\"cover\" data-object-position=\"50% 53%\" title=\"\"><div class=\"wp-block-cover__inner-container is-layout-flow wp-block-cover-is-layout-flow\">\n<p class=\"has-text-align-center has-large-font-size\">Contorni<\/p>\n\n\n\n<div class=\"wp-block-buttons is-content-justification-center is-layout-flex wp-container-core-buttons-is-layout-16018d1d wp-block-buttons-is-layout-flex\">\n<div class=\"wp-block-button is-style-outline is-style-outline--5\"><a class=\"wp-block-button__link\" href=\"https:\/\/www.pensiericroccanti.it\/index.php\/category\/contorni\/\" style=\"border-radius:0px\">guarda le ricette<\/a><\/div>\n<\/div>\n<\/div><\/div>\n\n\n\n<div style=\"height:20px\" aria-hidden=\"true\" class=\"wp-block-spacer\"><\/div>\n\n\n\n<div class=\"wp-block-cover alignfull\" style=\"min-height:404px;aspect-ratio:unset;\"><span aria-hidden=\"true\" class=\"wp-block-cover__background has-background-dim-60 has-background-dim\" style=\"background-color:#171717\"><\/span><img decoding=\"async\" class=\"wp-block-cover__image-background wp-image-2663\" alt=\"pandoro mascarpone e rum\" src=\"data:image\/gif;base64,R0lGODlhAQABAAAAACH5BAEKAAEALAAAAAABAAEAAAICTAEAOw==\" data-layzr=\"https:\/\/www.pensiericroccanti.it\/wp-content\/uploads\/2021\/12\/pandoro.jpeg\" style=\"object-position:50% 53%\" data-object-fit=\"cover\" data-object-position=\"50% 53%\" title=\"\"><div class=\"wp-block-cover__inner-container is-layout-flow wp-block-cover-is-layout-flow\">\n<p class=\"has-text-align-center has-large-font-size\">Dolci<\/p>\n\n\n\n<div class=\"wp-block-buttons is-content-justification-center is-layout-flex wp-container-core-buttons-is-layout-16018d1d wp-block-buttons-is-layout-flex\">\n<div class=\"wp-block-button is-style-outline is-style-outline--6\"><a class=\"wp-block-button__link\" href=\"https:\/\/www.pensiericroccanti.it\/index.php\/category\/dolci\/\" style=\"border-radius:0px\">guarda le ricette<\/a><\/div>\n<\/div>\n<\/div><\/div>\n\n\n\n<div style=\"height:20px\" aria-hidden=\"true\" class=\"wp-block-spacer\"><\/div>\n\n\n\n<div class=\"wp-block-cover alignfull\" style=\"min-height:404px;aspect-ratio:unset;\"><span aria-hidden=\"true\" class=\"wp-block-cover__background has-background-dim-60 has-background-dim\" style=\"background-color:#171717\"><\/span><img decoding=\"async\" class=\"wp-block-cover__image-background wp-image-2550\" alt=\"tacos guttiau\" src=\"data:image\/gif;base64,R0lGODlhAQABAAAAACH5BAEKAAEALAAAAAABAAEAAAICTAEAOw==\" data-layzr=\"https:\/\/www.pensiericroccanti.it\/wp-content\/uploads\/2021\/12\/tacos-gatiau-1.jpeg\" style=\"object-position:50% 53%\" data-object-fit=\"cover\" data-object-position=\"50% 53%\" title=\"\"><div class=\"wp-block-cover__inner-container is-layout-flow wp-block-cover-is-layout-flow\">\n<p class=\"has-text-align-center has-large-font-size\">Finger Food<\/p>\n\n\n\n<div class=\"wp-block-buttons is-content-justification-center is-layout-flex wp-container-core-buttons-is-layout-16018d1d wp-block-buttons-is-layout-flex\">\n<div class=\"wp-block-button is-style-outline is-style-outline--7\"><a class=\"wp-block-button__link\" href=\"https:\/\/www.pensiericroccanti.it\/index.php\/category\/fingerfood\/\" style=\"border-radius:0px\">guarda le ricette<\/a><\/div>\n<\/div>\n<\/div><\/div>\n\n\n\n<hr class=\"wp-block-separator\"\/>\n\n\n\n<h4 class=\"has-text-align-center wp-block-heading\" id=\"le-ricette-speciali-di-pensieri-croccanti\">Le Ricette Speciali di Pensieri Croccanti <\/h4>\n\n\n\n<div class=\"wp-block-image\"><figure class=\"aligncenter size-large\"><img decoding=\"async\" src=\"data:image\/gif;base64,R0lGODlhAQABAAAAACH5BAEKAAEALAAAAAABAAEAAAICTAEAOw==\" data-layzr=\"https:\/\/www.pensiericroccanti.it\/wp-content\/uploads\/2021\/12\/ebook-calendario-avvento-2021-1024x576.png\" alt=\"calendario dell&#039; avvento\" class=\"wp-image-2704\" title=\"\"><\/figure><\/div>\n\n\n\n<div class=\"wp-block-buttons is-content-justification-center is-layout-flex wp-container-core-buttons-is-layout-16018d1d wp-block-buttons-is-layout-flex\">\n<div class=\"wp-block-button is-style-fill\"><a class=\"wp-block-button__link\" href=\"https:\/\/www.pensiericroccanti.it\/index.php\/le-ricette-dell-avvento\/\" style=\"border-radius:0px\">guarda le ricette<\/a><\/div>\n<\/div>\n\n\n\n<hr class=\"wp-block-separator\"\/>\n\n\n\n<h2 class=\"has-text-align-center wp-block-heading\" id=\"le-video-ricette-di-pensieri-croccanti\">Le Video Ricette di Pensieri Croccanti<\/h2>\n\n\n\n<figure class=\"wp-block-embed is-type-video is-provider-youtube wp-block-embed-youtube wp-embed-aspect-4-3 wp-has-aspect-ratio\"><div class=\"wp-block-embed__wrapper\">\n<div class=\"jetpack-video-wrapper\"><iframe loading=\"lazy\" title=\"POPPY CROISSWAFFLES &quot; AI FRUTTI DI BOSCO\" width=\"925\" height=\"694\" src=\"https:\/\/www.youtube.com\/embed\/vVCj9Awgd7w?feature=oembed\" frameborder=\"0\" allow=\"accelerometer; autoplay; clipboard-write; encrypted-media; gyroscope; picture-in-picture\" allowfullscreen><\/iframe><\/div>\n<\/div><\/figure>\n\n\n\n<div class=\"wp-block-buttons is-content-justification-center is-layout-flex wp-container-core-buttons-is-layout-16018d1d wp-block-buttons-is-layout-flex\">\n<div class=\"wp-block-button\"><a class=\"wp-block-button__link\" href=\"https:\/\/www.youtube.com\/channel\/UC1Q6LhS5a2pt4J698VSx6-A\" style=\"border-radius:0px\" target=\"_blank\" rel=\"noopener\">guarda le video ricette di Pensieri Croccanti<\/a><\/div>\n<\/div>\n\n\n\n<div style=\"height:31px\" aria-hidden=\"true\" class=\"wp-block-spacer\"><\/div>\n\n\n<p class=\"aligncenter is-style-outline wp-block-tag-cloud\"><a href=\"https:\/\/www.pensiericroccanti.it\/index.php\/tag\/abruzzo\/\" class=\"tag-cloud-link tag-link-234 tag-link-position-1\" style=\"font-size: 8pt;\" aria-label=\"ABRUZZO (7 elementi)\">ABRUZZO<\/a>\n<a href=\"https:\/\/www.pensiericroccanti.it\/index.php\/tag\/aifi\/\" class=\"tag-cloud-link tag-link-2030 tag-link-position-2\" style=\"font-size: 8.8974358974359pt;\" aria-label=\"aifi (8 elementi)\">aifi<\/a>\n<a href=\"https:\/\/www.pensiericroccanti.it\/index.php\/tag\/albumi\/\" class=\"tag-cloud-link tag-link-401 tag-link-position-3\" style=\"font-size: 8.8974358974359pt;\" aria-label=\"albumi (8 elementi)\">albumi<\/a>\n<a href=\"https:\/\/www.pensiericroccanti.it\/index.php\/tag\/avena\/\" class=\"tag-cloud-link tag-link-18 tag-link-position-4\" style=\"font-size: 11.769230769231pt;\" aria-label=\"AVENA (12 elementi)\">AVENA<\/a>\n<a href=\"https:\/\/www.pensiericroccanti.it\/index.php\/tag\/cioccolato\/\" class=\"tag-cloud-link tag-link-73 tag-link-position-5\" style=\"font-size: 20.025641025641pt;\" aria-label=\"CIOCCOLATO (36 elementi)\">CIOCCOLATO<\/a>\n<a href=\"https:\/\/www.pensiericroccanti.it\/index.php\/tag\/cioccolato-bianco\/\" class=\"tag-cloud-link tag-link-278 tag-link-position-6\" style=\"font-size: 8pt;\" aria-label=\"cioccolato bianco (7 elementi)\">cioccolato bianco<\/a>\n<a href=\"https:\/\/www.pensiericroccanti.it\/index.php\/tag\/colazione-fit\/\" class=\"tag-cloud-link tag-link-250 tag-link-position-7\" style=\"font-size: 13.384615384615pt;\" aria-label=\"COLAZIONE FIT (15 elementi)\">COLAZIONE FIT<\/a>\n<a href=\"https:\/\/www.pensiericroccanti.it\/index.php\/tag\/dolce-gluten-free\/\" class=\"tag-cloud-link tag-link-468 tag-link-position-8\" style=\"font-size: 20.564102564103pt;\" aria-label=\"dolce gluten free (39 elementi)\">dolce gluten free<\/a>\n<a href=\"https:\/\/www.pensiericroccanti.it\/index.php\/tag\/emanuele-perati\/\" class=\"tag-cloud-link tag-link-1896 tag-link-position-9\" style=\"font-size: 11.769230769231pt;\" aria-label=\"emanuele perati (12 elementi)\">emanuele perati<\/a>\n<a href=\"https:\/\/www.pensiericroccanti.it\/index.php\/tag\/gluten-free\/\" class=\"tag-cloud-link tag-link-300 tag-link-position-10\" style=\"font-size: 22pt;\" aria-label=\"gluten free (47 elementi)\">gluten free<\/a>\n<a href=\"https:\/\/www.pensiericroccanti.it\/index.php\/tag\/imprentas\/\" class=\"tag-cloud-link tag-link-1942 tag-link-position-11\" style=\"font-size: 11.769230769231pt;\" aria-label=\"imprentas (12 elementi)\">imprentas<\/a>\n<a href=\"https:\/\/www.pensiericroccanti.it\/index.php\/tag\/mandorle\/\" class=\"tag-cloud-link tag-link-508 tag-link-position-12\" style=\"font-size: 12.487179487179pt;\" aria-label=\"MANDORLE (13 elementi)\">MANDORLE<\/a>\n<a href=\"https:\/\/www.pensiericroccanti.it\/index.php\/tag\/milani\/\" class=\"tag-cloud-link tag-link-144 tag-link-position-13\" style=\"font-size: 8pt;\" aria-label=\"milani (7 elementi)\">milani<\/a>\n<a href=\"https:\/\/www.pensiericroccanti.it\/index.php\/tag\/nutella\/\" class=\"tag-cloud-link tag-link-168 tag-link-position-14\" style=\"font-size: 8pt;\" aria-label=\"NUTELLA (7 elementi)\">NUTELLA<\/a>\n<a href=\"https:\/\/www.pensiericroccanti.it\/index.php\/tag\/pancakes\/\" class=\"tag-cloud-link tag-link-294 tag-link-position-15\" style=\"font-size: 8.8974358974359pt;\" aria-label=\"pancakes (8 elementi)\">pancakes<\/a>\n<a href=\"https:\/\/www.pensiericroccanti.it\/index.php\/tag\/pensieri-croccanti\/\" class=\"tag-cloud-link tag-link-1053 tag-link-position-16\" style=\"font-size: 19.487179487179pt;\" aria-label=\"pensieri croccanti (34 elementi)\">pensieri croccanti<\/a>\n<a href=\"https:\/\/www.pensiericroccanti.it\/index.php\/tag\/porridge\/\" class=\"tag-cloud-link tag-link-247 tag-link-position-17\" style=\"font-size: 8.8974358974359pt;\" aria-label=\"PORRIDGE (8 elementi)\">PORRIDGE<\/a>\n<a href=\"https:\/\/www.pensiericroccanti.it\/index.php\/tag\/ricette-abruzzesi\/\" class=\"tag-cloud-link tag-link-233 tag-link-position-18\" style=\"font-size: 11.230769230769pt;\" aria-label=\"RICETTE ABRUZZESI (11 elementi)\">RICETTE ABRUZZESI<\/a>\n<a href=\"https:\/\/www.pensiericroccanti.it\/index.php\/tag\/ricette-senza-glutine\/\" class=\"tag-cloud-link tag-link-255 tag-link-position-19\" style=\"font-size: 21.102564102564pt;\" aria-label=\"RICETTE SENZA GLUTINE (42 elementi)\">RICETTE SENZA GLUTINE<\/a>\n<a href=\"https:\/\/www.pensiericroccanti.it\/index.php\/tag\/ricotta\/\" class=\"tag-cloud-link tag-link-183 tag-link-position-20\" style=\"font-size: 8.8974358974359pt;\" aria-label=\"RICOTTA (8 elementi)\">RICOTTA<\/a>\n<a href=\"https:\/\/www.pensiericroccanti.it\/index.php\/tag\/risotto\/\" class=\"tag-cloud-link tag-link-126 tag-link-position-21\" style=\"font-size: 8.8974358974359pt;\" aria-label=\"RISOTTO (8 elementi)\">RISOTTO<\/a>\n<a href=\"https:\/\/www.pensiericroccanti.it\/index.php\/tag\/scuppoz\/\" class=\"tag-cloud-link tag-link-545 tag-link-position-22\" style=\"font-size: 8.8974358974359pt;\" aria-label=\"scuppoz (8 elementi)\">scuppoz<\/a>\n<a href=\"https:\/\/www.pensiericroccanti.it\/index.php\/tag\/senza-glutine\/\" class=\"tag-cloud-link tag-link-23 tag-link-position-23\" style=\"font-size: 21.820512820513pt;\" aria-label=\"SENZA GLUTINE (46 elementi)\">SENZA GLUTINE<\/a>\n<a href=\"https:\/\/www.pensiericroccanti.it\/index.php\/tag\/spaghetti\/\" class=\"tag-cloud-link tag-link-165 tag-link-position-24\" style=\"font-size: 9.7948717948718pt;\" aria-label=\"SPAGHETTI (9 elementi)\">SPAGHETTI<\/a>\n<a href=\"https:\/\/www.pensiericroccanti.it\/index.php\/tag\/waffles\/\" class=\"tag-cloud-link tag-link-430 tag-link-position-25\" style=\"font-size: 8pt;\" aria-label=\"waffles (7 elementi)\">waffles<\/a><\/p>","protected":false},"excerpt":{"rendered":"<p>In questa sezione troverai tutte le ricette di Pensieri Croccanti suddivise per tipologia di portata , fai click sulle immagini seguenti oppure agisci sul men\u00f9 in alto per accedere alla varie sezioni. Ogni ricetta parte dagli ingredienti, dal mio stato d&#8217; animo, dai profumi e dai colori. Cerco di esprimere il pensiero che ciascun elemento mi stimola e applico in &hellip; <\/p>\n","protected":false},"author":1,"featured_media":0,"parent":0,"menu_order":0,"comment_status":"closed","ping_status":"closed","template":"","meta":{"_eb_attr":"","_uag_custom_page_level_css":"","footnotes":""},"class_list":["post-786","page","type-page","status-publish","hentry","latest_post"],"uagb_featured_image_src":{"full":false,"thumbnail":false,"medium":false,"medium_large":false,"large":false,"post-slider-thumb-size":false,"post-category-slider-size":false,"1536x1536":false,"2048x2048":false,"blossom-fashion-slider":false,"blossom-fashion-slider-six":false,"blossom-fashion-featured":false,"blossom-fashion-with-sidebar":false,"blossom-fashion-fullwidth":false,"blossom-fashion-blog-home":false,"blossom-fashion-blog-four":false,"blossom-fashion-blog-five":false,"blossom-fashion-blog-archive":false,"blossom-fashion-related":false,"blossom-fashion-popular":false,"blossom-fashion-shop":false,"blossom-fashion-schema":false,"woocommerce_thumbnail":false,"woocommerce_single":false,"woocommerce_gallery_thumbnail":false},"uagb_author_info":{"display_name":"pensieri croccanti","author_link":"https:\/\/www.pensiericroccanti.it\/index.php\/author\/admin2991\/"},"uagb_comment_info":0,"uagb_excerpt":"In questa sezione troverai tutte le ricette di Pensieri Croccanti suddivise per tipologia di portata , fai click sulle immagini seguenti oppure agisci sul men\u00f9 in alto per accedere alla varie sezioni. Ogni ricetta parte dagli ingredienti, dal mio stato d&#8217; animo, dai profumi e dai colori. Cerco di esprimere il pensiero che ciascun elemento&hellip;","jetpack_sharing_enabled":true,"jetpack-related-posts":[],"jetpack_likes_enabled":false,"_links":{"self":[{"href":"https:\/\/www.pensiericroccanti.it\/index.php\/wp-json\/wp\/v2\/pages\/786","targetHints":{"allow":["GET"]}}],"collection":[{"href":"https:\/\/www.pensiericroccanti.it\/index.php\/wp-json\/wp\/v2\/pages"}],"about":[{"href":"https:\/\/www.pensiericroccanti.it\/index.php\/wp-json\/wp\/v2\/types\/page"}],"author":[{"embeddable":true,"href":"https:\/\/www.pensiericroccanti.it\/index.php\/wp-json\/wp\/v2\/users\/1"}],"replies":[{"embeddable":true,"href":"https:\/\/www.pensiericroccanti.it\/index.php\/wp-json\/wp\/v2\/comments?post=786"}],"version-history":[{"count":20,"href":"https:\/\/www.pensiericroccanti.it\/index.php\/wp-json\/wp\/v2\/pages\/786\/revisions"}],"predecessor-version":[{"id":5269,"href":"https:\/\/www.pensiericroccanti.it\/index.php\/wp-json\/wp\/v2\/pages\/786\/revisions\/5269"}],"wp:attachment":[{"href":"https:\/\/www.pensiericroccanti.it\/index.php\/wp-json\/wp\/v2\/media?parent=786"}],"curies":[{"name":"wp","href":"https:\/\/api.w.org\/{rel}","templated":true}]}}